{"id":2164,"date":"2026-01-29T08:58:17","date_gmt":"2026-01-29T07:58:17","guid":{"rendered":"http:\/\/s604801385.online.de\/?page_id=2164"},"modified":"2026-03-30T15:11:18","modified_gmt":"2026-03-30T13:11:18","slug":"mentoring-supervision","status":"publish","type":"page","link":"https:\/\/karenneumann.de\/en\/mentoring-supervision\/","title":{"rendered":"F\u00fcr Coaches und Leaders"},"content":{"rendered":"<div class=\"wp-block-group alignfull is-style-default has-background is-layout-flow wp-block-group-is-layout-flow\" style=\"background:linear-gradient(90deg,rgb(255,255,255) 0%,rgb(243,235,230) 100%);min-height:100%;margin-top:0px;margin-bottom:0;padding-top:var(--wp--preset--spacing--small);padding-right:var(--wp--preset--spacing--medium);padding-bottom:var(--wp--preset--spacing--small);padding-left:var(--wp--preset--spacing--medium)\">\n<div class=\"wp-block-group alignwide has-global-padding is-layout-constrained wp-container-core-group-is-layout-add6731d wp-block-group-is-layout-constrained\" style=\"padding-right:0;padding-left:0\">\n<div class=\"wp-block-group alignwide has-global-padding is-layout-constrained wp-container-core-group-is-layout-19e250f3 wp-block-group-is-layout-constrained\">\n<div class=\"wp-block-group alignwide is-layout-flow wp-container-core-group-is-layout-7fcc5745 wp-block-group-is-layout-flow\" style=\"margin-top:3rem;margin-bottom:3rem\">\n<p class=\"sepline white has-primary-color has-text-color has-x-small-font-size\" style=\"font-style:normal;font-weight:500;letter-spacing:1px\"><strong>Expertise<\/strong><\/p>\n\n\n\n<h1 class=\"wp-block-heading has-large-font-size\">F\u00fcr Coaches und Leaders<\/h1>\n<\/div>\n<\/div>\n<\/div>\n<\/div>\n\n\n\n<section class=\"wp-block-group alignfull is-style-default has-global-padding is-layout-constrained wp-container-core-group-is-layout-09ea9c0c wp-block-group-is-layout-constrained\" style=\"margin-top:0px;margin-bottom:0px;padding-top:var(--wp--preset--spacing--large);padding-right:var(--wp--preset--spacing--medium);padding-bottom:var(--wp--preset--spacing--large);padding-left:var(--wp--preset--spacing--medium)\">\n<div class=\"wp-block-columns alignwide is-layout-flex wp-container-core-columns-is-layout-2009bae8 wp-block-columns-is-layout-flex\" style=\"margin-top:0px;margin-bottom:0px\">\n<div class=\"wp-block-column is-vertically-aligned-top is-layout-flow wp-block-column-is-layout-flow\">\n<p id=\"tw-target-text\"><strong>Supervision<\/strong><br>Als zertifizierte Supervisorin unterst\u00fctze ich Fach- und F\u00fchrungskr\u00e4fte dabei, berufliche Situationen zu reflektieren, Herausforderungen zu kl\u00e4ren und neue Handlungsm\u00f6glichkeiten zu entwickeln. Supervision st\u00e4rkt die professionelle Rolle und f\u00f6rdert nachhaltige L\u00f6sungen.<br>Ich biete Einzel-, Team- und Fallsupervision an.<br>F\u00fcr Coaches: F\u00fcr ICF-Re-Zertifizierungen werden 10 Supervisionsstunden anerkannt.<\/p>\n\n\n\n<p><strong>Mentoring<\/strong><br>F\u00fcr eine ICF-Zertifizierung (ACC, PCC, MCC) sind 10 Mentorstunden verpflichtend. Als ICF MCC begleite ich Mentees dabei, ihre Coaching-Kompetenzen anhand des ICF-Kompetenzrahmens und aufgezeichneter Sitzungen gezielt weiterzuentwickeln.<br>Ich biete Mentoring f\u00fcr alle Zertifizierungsstufen sowie f\u00fcr Re-Zertifizierungen an.<\/p>\n<\/div>\n\n\n\n<div class=\"wp-block-column is-vertically-aligned-top uplift is-layout-flow wp-block-column-is-layout-flow\">\n<figure class=\"wp-block-image size-full has-custom-border imgcaption left animated fadeIn slow\"><img loading=\"lazy\" decoding=\"async\" width=\"533\" height=\"533\" src=\"https:\/\/karenneumann.de\/site\/wp-content\/uploads\/supervison.webp\" alt=\"Mentoring und Supervision\" class=\"wp-image-2178\" style=\"border-radius:5px;box-shadow:var(--wp--preset--shadow--small-light)\" srcset=\"https:\/\/karenneumann.de\/site\/wp-content\/uploads\/supervison.webp 533w, https:\/\/karenneumann.de\/site\/wp-content\/uploads\/supervison-300x300.webp 300w, https:\/\/karenneumann.de\/site\/wp-content\/uploads\/supervison-150x150.webp 150w\" sizes=\"auto, (max-width: 533px) 100vw, 533px\" \/><figcaption class=\"wp-element-caption\">\u201eSupervision \u2013 Professionelle Begleitung f\u00fcr mehr Klarheit und Entwicklung\u201d<\/figcaption><\/figure>\n<\/div>\n<\/div>\n<\/section>","protected":false},"excerpt":{"rendered":"<p>Expertise F\u00fcr Coaches und Leaders SupervisionAls zertifizierte Supervisorin unterst\u00fctze ich Fach- und F\u00fchrungskr\u00e4fte dabei, berufliche Situationen zu reflektieren, Herausforderungen zu kl\u00e4ren und neue Handlungsm\u00f6glichkeiten zu entwickeln. Supervision st\u00e4rkt die professionelle Rolle und f\u00f6rdert nachhaltige L\u00f6sungen.Ich biete Einzel-, Team- und Fallsupervision an.F\u00fcr Coaches: F\u00fcr ICF-Re-Zertifizierungen werden 10 Supervisionsstunden anerkannt. MentoringF\u00fcr eine ICF-Zertifizierung (ACC, PCC, MCC) sind [&hellip;]<\/p>\n","protected":false},"author":2,"featured_media":0,"parent":0,"menu_order":0,"comment_status":"closed","ping_status":"closed","template":"","meta":{"_seopress_robots_primary_cat":"","_seopress_titles_title":"","_seopress_titles_desc":"","_seopress_robots_index":"","footnotes":""},"class_list":["post-2164","page","type-page","status-publish","hentry"],"_links":{"self":[{"href":"https:\/\/karenneumann.de\/en\/wp-json\/wp\/v2\/pages\/2164","targetHints":{"allow":["GET"]}}],"collection":[{"href":"https:\/\/karenneumann.de\/en\/wp-json\/wp\/v2\/pages"}],"about":[{"href":"https:\/\/karenneumann.de\/en\/wp-json\/wp\/v2\/types\/page"}],"author":[{"embeddable":true,"href":"https:\/\/karenneumann.de\/en\/wp-json\/wp\/v2\/users\/2"}],"replies":[{"embeddable":true,"href":"https:\/\/karenneumann.de\/en\/wp-json\/wp\/v2\/comments?post=2164"}],"version-history":[{"count":13,"href":"https:\/\/karenneumann.de\/en\/wp-json\/wp\/v2\/pages\/2164\/revisions"}],"predecessor-version":[{"id":2283,"href":"https:\/\/karenneumann.de\/en\/wp-json\/wp\/v2\/pages\/2164\/revisions\/2283"}],"wp:attachment":[{"href":"https:\/\/karenneumann.de\/en\/wp-json\/wp\/v2\/media?parent=2164"}],"curies":[{"name":"wp","href":"https:\/\/api.w.org\/{rel}","templated":true}]}}