{"id":2161,"date":"2026-01-29T08:57:47","date_gmt":"2026-01-29T07:57:47","guid":{"rendered":"http:\/\/s604801385.online.de\/?page_id=2161"},"modified":"2026-03-30T15:11:19","modified_gmt":"2026-03-30T13:11:19","slug":"nachfolge-in-familienunternehmen","status":"publish","type":"page","link":"https:\/\/karenneumann.de\/en\/nachfolge-in-familienunternehmen\/","title":{"rendered":"Nachfolge in Familienunternehmen"},"content":{"rendered":"<div class=\"wp-block-group alignfull is-style-default has-background is-layout-flow wp-block-group-is-layout-flow\" style=\"background:linear-gradient(90deg,rgb(255,255,255) 0%,rgb(243,235,230) 100%);min-height:100%;margin-top:0px;margin-bottom:0;padding-top:var(--wp--preset--spacing--small);padding-right:var(--wp--preset--spacing--medium);padding-bottom:var(--wp--preset--spacing--small);padding-left:var(--wp--preset--spacing--medium)\">\n<div class=\"wp-block-group alignwide has-global-padding is-layout-constrained wp-container-core-group-is-layout-add6731d wp-block-group-is-layout-constrained\" style=\"padding-right:0;padding-left:0\">\n<div class=\"wp-block-group alignwide has-global-padding is-layout-constrained wp-container-core-group-is-layout-19e250f3 wp-block-group-is-layout-constrained\">\n<div class=\"wp-block-group alignwide is-layout-flow wp-container-core-group-is-layout-93aed903 wp-block-group-is-layout-flow\" style=\"margin-top:3rem;margin-bottom:3rem;padding-right:60%\">\n<p class=\"sepline white has-primary-color has-text-color has-x-small-font-size\" style=\"font-style:normal;font-weight:500;letter-spacing:1px\"><strong>Expertise<\/strong><\/p>\n\n\n\n<h1 class=\"wp-block-heading has-large-font-size\">Nachfolge in Familienunternehmen<\/h1>\n<\/div>\n<\/div>\n<\/div>\n<\/div>\n\n\n\n<section class=\"wp-block-group alignfull is-style-default has-global-padding is-layout-constrained wp-container-core-group-is-layout-09ea9c0c wp-block-group-is-layout-constrained\" style=\"margin-top:0px;margin-bottom:0px;padding-top:var(--wp--preset--spacing--large);padding-right:var(--wp--preset--spacing--medium);padding-bottom:var(--wp--preset--spacing--large);padding-left:var(--wp--preset--spacing--medium)\">\n<div class=\"wp-block-columns alignwide is-layout-flex wp-container-core-columns-is-layout-2009bae8 wp-block-columns-is-layout-flex\" style=\"margin-top:0px;margin-bottom:0px\">\n<div class=\"wp-block-column is-vertically-aligned-top is-layout-flow wp-block-column-is-layout-flow\">\n<div class=\"wp-block-group has-global-padding is-layout-constrained wp-container-core-group-is-layout-33864f18 wp-block-group-is-layout-constrained\" style=\"margin-bottom:0\">\n<div class=\"wp-block-group has-global-padding is-layout-constrained wp-container-core-group-is-layout-e8e27f7d wp-block-group-is-layout-constrained\" style=\"margin-bottom:var(--wp--preset--spacing--medium)\">\n<p><strong>1. Mensch &amp; Rolle in der Nachfolge<\/strong><\/p>\n\n\n\n<p>F\u00fcr&nbsp;die nachfolgende Generation&nbsp;bedeutet Nachfolge, in etwas hineinzuwachsen, das gr\u00f6\u00dfer ist als die eigene Erfahrung \u2013 und den eigenen Weg darin zu finden.<br>F\u00fcr&nbsp;die abgebende Generation&nbsp;hei\u00dft es, ein Lebenswerk weiterzugeben, oft mit Stolz, aber auch mit Wehmut.<br>Ich begleite beide Seiten dabei, diesen Wandel gut und bewusst zu gestalten.<\/p>\n<\/div>\n\n\n\n<div class=\"wp-block-group has-global-padding is-layout-constrained wp-container-core-group-is-layout-e8e27f7d wp-block-group-is-layout-constrained\" style=\"margin-bottom:var(--wp--preset--spacing--medium)\">\n<p><strong>2. Beziehungen &amp; Kommunikation zwischen den Generationen<\/strong><\/p>\n\n\n\n<p>Die nachfolgende Generation m\u00f6chte gestalten und geh\u00f6rt werden.<br>Die abgebende Generation sucht Sicherheit und ein gutes Gef\u00fchl f\u00fcr die Zukunft.<br>Ich schaffe R\u00e4ume, in denen beide Perspektiven Platz haben \u2013 und echte Verst\u00e4ndigung m\u00f6glich wird.<\/p>\n<\/div>\n\n\n\n<div class=\"wp-block-group has-global-padding is-layout-constrained wp-container-core-group-is-layout-e8e27f7d wp-block-group-is-layout-constrained\" style=\"margin-bottom:var(--wp--preset--spacing--medium)\">\n<p><strong>3. Leadership-Entwicklung der Nachfolger:innen<\/strong><\/p>\n\n\n\n<p>Nachfolger:innen stehen vor der Aufgabe, F\u00fchrung zu \u00fcbernehmen und zugleich ihren eigenen Stil zu entwickeln.<br>Die abgebende Generation m\u00f6chte Vertrauen fassen k\u00f6nnen und sehen, dass ihr Lebenswerk in guten H\u00e4nden ist.<br>Ich begleite diesen gemeinsamen Reifeprozess \u2013 klar, menschlich und auf Augenh\u00f6he.<\/p>\n<\/div>\n\n\n\n<div class=\"wp-block-group has-global-padding is-layout-constrained wp-container-core-group-is-layout-e8e27f7d wp-block-group-is-layout-constrained\" style=\"margin-bottom:var(--wp--preset--spacing--medium)\">\n<p><strong>4. Psychologie von \u00dcberg\u00e4ngen \u2013 f\u00fcr beide Generationen<\/strong><\/p>\n\n\n\n<p>\u00dcberg\u00e4nge l\u00f6sen gemischte Gef\u00fchle aus: Freude, Unsicherheit, Stolz, Zweifel.<br>Die nachfolgende Generation tr\u00e4gt Erwartungen; die abgebende Generation l\u00e4sst los.<br>Wir arbeiten mit diesen Emotionen, damit der \u00dcbergang f\u00fcr beide Seiten leichter wird.<\/p>\n<\/div>\n<\/div>\n<\/div>\n\n\n\n<div class=\"wp-block-column is-vertically-aligned-top uplift is-layout-flow wp-block-column-is-layout-flow\">\n<figure class=\"wp-block-image size-full has-custom-border imgcaption left animated fadeIn slow\" style=\"margin-bottom:var(--wp--preset--spacing--xx-large)\"><img alt=\"\" loading=\"lazy\" decoding=\"async\" width=\"1000\" height=\"1000\" src=\"https:\/\/karenneumann.de\/site\/wp-content\/uploads\/meetingraum.webp\" class=\"wp-image-2190\" style=\"border-radius:5px;box-shadow:var(--wp--preset--shadow--small-light)\" srcset=\"https:\/\/karenneumann.de\/site\/wp-content\/uploads\/meetingraum.webp 1000w, https:\/\/karenneumann.de\/site\/wp-content\/uploads\/meetingraum-300x300.webp 300w, https:\/\/karenneumann.de\/site\/wp-content\/uploads\/meetingraum-150x150.webp 150w, https:\/\/karenneumann.de\/site\/wp-content\/uploads\/meetingraum-768x768.webp 768w\" sizes=\"auto, (max-width: 1000px) 100vw, 1000px\" \/><figcaption class=\"wp-element-caption\">\u201eEs braucht Mut, loszulassen. Und Mut, zu \u00fcbernehmen.\u201d<\/figcaption><\/figure>\n\n\n\n<div class=\"wp-block-group has-global-padding is-layout-constrained wp-block-group-is-layout-constrained\">\n<div class=\"wp-block-group has-global-padding is-layout-constrained wp-container-core-group-is-layout-e8e27f7d wp-block-group-is-layout-constrained\" style=\"margin-bottom:var(--wp--preset--spacing--medium)\">\n<p><strong>5. Governance &amp; Orientierung<\/strong><\/p>\n\n\n\n<p>Klare Strukturen geben Halt, besonders in Zeiten des Wechsels.<br>F\u00fcr Nachfolger:innen schaffen sie Orientierung, f\u00fcr die abgebende Generation Sicherheit und Ruhe.<br>Ich unterst\u00fctze dabei, diese Leitplanken so zu gestalten, dass sie st\u00e4rken \u2013 nicht einengen.<\/p>\n<\/div>\n<\/div>\n<\/div>\n<\/div>\n<\/section>","protected":false},"excerpt":{"rendered":"<p>Expertise Nachfolge in Familienunternehmen 1. Mensch &amp; Rolle in der Nachfolge F\u00fcr&nbsp;die nachfolgende Generation&nbsp;bedeutet Nachfolge, in etwas hineinzuwachsen, das gr\u00f6\u00dfer ist als die eigene Erfahrung \u2013 und den eigenen Weg darin zu finden.F\u00fcr&nbsp;die abgebende Generation&nbsp;hei\u00dft es, ein Lebenswerk weiterzugeben, oft mit Stolz, aber auch mit Wehmut.Ich begleite beide Seiten dabei, diesen Wandel gut und bewusst [&hellip;]<\/p>\n","protected":false},"author":2,"featured_media":0,"parent":0,"menu_order":0,"comment_status":"closed","ping_status":"closed","template":"","meta":{"_seopress_robots_primary_cat":"","_seopress_titles_title":"","_seopress_titles_desc":"","_seopress_robots_index":"","footnotes":""},"class_list":["post-2161","page","type-page","status-publish","hentry"],"_links":{"self":[{"href":"https:\/\/karenneumann.de\/en\/wp-json\/wp\/v2\/pages\/2161","targetHints":{"allow":["GET"]}}],"collection":[{"href":"https:\/\/karenneumann.de\/en\/wp-json\/wp\/v2\/pages"}],"about":[{"href":"https:\/\/karenneumann.de\/en\/wp-json\/wp\/v2\/types\/page"}],"author":[{"embeddable":true,"href":"https:\/\/karenneumann.de\/en\/wp-json\/wp\/v2\/users\/2"}],"replies":[{"embeddable":true,"href":"https:\/\/karenneumann.de\/en\/wp-json\/wp\/v2\/comments?post=2161"}],"version-history":[{"count":16,"href":"https:\/\/karenneumann.de\/en\/wp-json\/wp\/v2\/pages\/2161\/revisions"}],"predecessor-version":[{"id":2281,"href":"https:\/\/karenneumann.de\/en\/wp-json\/wp\/v2\/pages\/2161\/revisions\/2281"}],"wp:attachment":[{"href":"https:\/\/karenneumann.de\/en\/wp-json\/wp\/v2\/media?parent=2161"}],"curies":[{"name":"wp","href":"https:\/\/api.w.org\/{rel}","templated":true}]}}