{"id":1227,"date":"2025-11-27T16:57:44","date_gmt":"2025-11-27T15:57:44","guid":{"rendered":"http:\/\/s604801385.online.de\/?page_id=1227"},"modified":"2026-03-30T15:11:19","modified_gmt":"2026-03-30T13:11:19","slug":"kontakt","status":"publish","type":"page","link":"https:\/\/karenneumann.de\/en\/kontakt\/","title":{"rendered":"Kontakt"},"content":{"rendered":"<div class=\"wp-block-group alignfull is-style-default has-background is-layout-flow wp-block-group-is-layout-flow\" style=\"background:linear-gradient(90deg,rgb(255,255,255) 0%,rgb(243,235,230) 100%);min-height:100%;margin-top:0px;margin-bottom:0;padding-top:var(--wp--preset--spacing--small);padding-right:var(--wp--preset--spacing--medium);padding-bottom:var(--wp--preset--spacing--small);padding-left:var(--wp--preset--spacing--medium)\">\n<div class=\"wp-block-group alignwide has-global-padding is-layout-constrained wp-container-core-group-is-layout-add6731d wp-block-group-is-layout-constrained\" style=\"padding-right:0;padding-left:0\">\n<div class=\"wp-block-group alignwide has-global-padding is-layout-constrained wp-container-core-group-is-layout-19e250f3 wp-block-group-is-layout-constrained\">\n<div class=\"wp-block-group alignwide is-layout-flow wp-container-core-group-is-layout-7fcc5745 wp-block-group-is-layout-flow\" style=\"margin-top:3rem;margin-bottom:3rem\">\n<p class=\"sepline white has-primary-color has-text-color has-x-small-font-size\" style=\"font-style:normal;font-weight:500;letter-spacing:1px\"><strong>Kontakt<\/strong><\/p>\n\n\n\n<h1 class=\"wp-block-heading has-large-font-size\">Impressum<\/h1>\n<\/div>\n<\/div>\n<\/div>\n<\/div>\n\n\n\n<section class=\"wp-block-group alignfull is-style-default has-global-padding is-layout-constrained wp-container-core-group-is-layout-09ea9c0c wp-block-group-is-layout-constrained\" style=\"margin-top:0px;margin-bottom:0px;padding-top:var(--wp--preset--spacing--large);padding-right:var(--wp--preset--spacing--medium);padding-bottom:var(--wp--preset--spacing--large);padding-left:var(--wp--preset--spacing--medium)\">\n<div class=\"wp-block-columns alignwide is-layout-flex wp-container-core-columns-is-layout-2009bae8 wp-block-columns-is-layout-flex\" style=\"margin-top:0px;margin-bottom:0px\">\n<div class=\"wp-block-column is-vertically-aligned-center is-layout-flow wp-block-column-is-layout-flow\">\n<div class=\"wp-block-group has-global-padding is-layout-constrained wp-container-core-group-is-layout-321640fc wp-block-group-is-layout-constrained\" style=\"margin-top:2rem;margin-bottom:0\">\n<h3 class=\"wp-block-heading\">Der erste Schritt<\/h3>\n\n\n\n<p style=\"margin-top:0.5rem\">Sie f\u00fchlen sich angesprochen? Nehmen Sie mit mir telefonisch oder per E-Mail Kontakt auf. Ich biete Ihnen an, in einem unverbindlichen ersten Gespr\u00e4ch herauszufinden, ob eine Zusammenarbeit f\u00fcr Sie zielf\u00fchrend ist. Meine R\u00e4umlichkeiten befinden sich zentral im Herzen von M\u00fcnchen.<\/p>\n\n\n\n<p style=\"margin-top:0.5rem\">Selbstverst\u00e4ndlich coache ich auch per Videokonferenz.<\/p>\n<\/div>\n\n\n\n<div class=\"wp-block-buttons is-layout-flex wp-block-buttons-is-layout-flex\" style=\"padding-right:0px;padding-left:0px\">\n<div class=\"wp-block-button is-style-fill\"><a class=\"wp-block-button__link wp-element-button\" href=\"https:\/\/www.google.de\/maps\/place\/Neumann+Business+Coaching\/@48.1381385,11.5847445,17z\/data=!3m1!4b1!4m6!3m5!1s0x479ddf6162040f85:0xb0cee21cf09bd430!8m2!3d48.1381349!4d11.5873194!16s%2Fg%2F1td0rw81?entry=ttu&amp;g_ep=EgoyMDI1MTEzMC4wIKXMDSoASAFQAw%3D%3D\" target=\"_blank\" rel=\"noreferrer noopener\">Anfahrt (Google Maps)<\/a><\/div>\n<\/div>\n<\/div>\n\n\n\n<div class=\"wp-block-column is-vertically-aligned-top uplift is-layout-flow wp-block-column-is-layout-flow\">\n<figure class=\"wp-block-image size-full has-custom-border imgcaption left animated fadeIn slow\"><img loading=\"lazy\" decoding=\"async\" width=\"800\" height=\"800\" src=\"https:\/\/karenneumann.de\/site\/wp-content\/uploads\/karen-telefoniert.webp\" alt=\"Karen telefoniert\" class=\"wp-image-1829\" style=\"border-radius:5px;box-shadow:var(--wp--preset--shadow--small-light)\" srcset=\"https:\/\/karenneumann.de\/site\/wp-content\/uploads\/karen-telefoniert.webp 800w, https:\/\/karenneumann.de\/site\/wp-content\/uploads\/karen-telefoniert-300x300.webp 300w, https:\/\/karenneumann.de\/site\/wp-content\/uploads\/karen-telefoniert-150x150.webp 150w, https:\/\/karenneumann.de\/site\/wp-content\/uploads\/karen-telefoniert-768x768.webp 768w\" sizes=\"auto, (max-width: 800px) 100vw, 800px\" \/><figcaption class=\"wp-element-caption\">\u201eIhre Nachricht ist der erste Schritt.\u201d<\/figcaption><\/figure>\n<\/div>\n<\/div>\n<\/section>\n\n\n\n<section class=\"wp-block-group alignfull is-style-default has-background has-global-padding is-layout-constrained wp-container-core-group-is-layout-6381d754 wp-block-group-is-layout-constrained\" style=\"background:linear-gradient(90deg,rgb(255,255,255) 0%,rgb(243,235,230) 100%);margin-top:0px;margin-bottom:0px;padding-top:var(--wp--preset--spacing--x-large);padding-right:var(--wp--preset--spacing--medium);padding-bottom:var(--wp--preset--spacing--x-large);padding-left:var(--wp--preset--spacing--medium)\">\n<div class=\"wp-block-group alignwide has-global-padding is-content-justification-left is-layout-constrained wp-container-core-group-is-layout-b4b2c140 wp-block-group-is-layout-constrained\" style=\"padding-bottom:var(--wp--preset--spacing--x-large)\">\n<p class=\"sepline white has-primary-color has-text-color has-small-font-size\" style=\"font-style:normal;font-weight:500\"><strong>Impressum<\/strong><\/p>\n<\/div>\n\n\n\n<div class=\"wp-block-columns alignwide is-layout-flex wp-container-core-columns-is-layout-2009bae8 wp-block-columns-is-layout-flex\" style=\"margin-top:0px;margin-bottom:0px\">\n<div class=\"wp-block-column is-vertically-aligned-top is-layout-flow wp-container-core-column-is-layout-c7b3064f wp-block-column-is-layout-flow\">\n<h3 class=\"wp-block-heading has-base-font-size\" style=\"padding-bottom:0;line-height:1.3\">Adresse:<\/h3>\n\n\n\n<p>Karen Neumann<br>Business Coaching<br>Maximilianstra\u00dfe 43<br>80538 M\u00fcnchen<\/p>\n\n\n\n<h3 class=\"wp-block-heading has-base-font-size\" style=\"padding-top:var(--wp--preset--spacing--small);line-height:1.3\">Kontakt:<\/h3>\n\n\n\n<p>Telefon: 089 \/ 87181 303<br>E-Mail: <a href=\"mailto:neumann@karenneumann.de\">neumann@karenneumann.de<\/a><\/p>\n<\/div>\n\n\n\n<div class=\"wp-block-column is-vertically-aligned-top is-layout-flow wp-container-core-column-is-layout-c7b3064f wp-block-column-is-layout-flow\">\n<h3 class=\"wp-block-heading has-base-font-size\" style=\"padding-top:0;line-height:1.3\">Umsatzsteuer-ID:<\/h3>\n\n\n\n<p>USt-IdNr.: DE254843860<\/p>\n\n\n\n<h3 class=\"wp-block-heading has-base-font-size\" style=\"padding-top:var(--wp--preset--spacing--small);line-height:1.3\">Verantwortlich f\u00fcr den Inhalt:<\/h3>\n\n\n\n<p>Karen Neumann<br>Maximilianstra\u00dfe 43<br>80538 M\u00fcnchen<\/p>\n<\/div>\n\n\n\n<div class=\"wp-block-column is-layout-flow wp-container-core-column-is-layout-c7b3064f wp-block-column-is-layout-flow\">\n<h3 class=\"wp-block-heading has-base-font-size\" style=\"padding-top:0;line-height:1.3\">Gestaltung:<\/h3>\n\n\n\n<p>Fotos:&nbsp;<a href=\"https:\/\/www.raimund-verspohl-portraits.com\/\" target=\"_blank\" rel=\"noreferrer noopener\">Raimund Verspohl Portraits<\/a><br>Website: <a href=\"https:\/\/limstyle.de\" target=\"_blank\" rel=\"noreferrer noopener\">limstyle webdesign\u200b<\/a>, Dornbirn<\/p>\n<\/div>\n<\/div>\n<\/section>\n\n\n\n<section class=\"wp-block-group alignfull is-style-default has-global-padding is-layout-constrained wp-container-core-group-is-layout-6381d754 wp-block-group-is-layout-constrained\" style=\"margin-top:0px;margin-bottom:0px;padding-top:var(--wp--preset--spacing--x-large);padding-right:var(--wp--preset--spacing--medium);padding-bottom:var(--wp--preset--spacing--x-large);padding-left:var(--wp--preset--spacing--medium)\">\n<div class=\"wp-block-columns alignwide is-layout-flex wp-container-core-columns-is-layout-2009bae8 wp-block-columns-is-layout-flex\" style=\"margin-top:0px;margin-bottom:0px\">\n<div class=\"wp-block-column is-vertically-aligned-top is-layout-flow wp-container-core-column-is-layout-c7b3064f wp-block-column-is-layout-flow\">\n<div class=\"wp-block-group has-global-padding is-layout-constrained wp-container-core-group-is-layout-9da16794 wp-block-group-is-layout-constrained\">\n<p class=\"sepline has-primary-color has-text-color has-small-font-size\" style=\"font-style:normal;font-weight:500\"><strong>Haftung f\u00fcr Inhalte<\/strong><\/p>\n\n\n\n<div class=\"wp-block-group has-global-padding is-layout-constrained wp-container-core-group-is-layout-f5f3bcb8 wp-block-group-is-layout-constrained\">\n<p class=\"has-x-small-font-size\">Als Diensteanbieter sind wir gem\u00e4\u00df \u00a7 7 Abs.1 DDG f\u00fcr eigene Inhalte auf diesen Seiten nach den allgemeinen Gesetzen verantwortlich. Nach \u00a7\u00a7 8 bis 10 DDG sind wir als Diensteanbieter jedoch nicht verpflichtet, \u00fcbermittelte oder gespeicherte fremde Informationen zu \u00fcberwachen oder nach Umst\u00e4nden zu forschen, die auf eine rechtswidrige T\u00e4tigkeit hinweisen.<\/p>\n\n\n\n<p class=\"has-x-small-font-size\">Verpflichtungen zur Entfernung oder Sperrung der Nutzung von Informationen nach den allgemeinen Gesetzen bleiben hiervon unber\u00fchrt. Eine diesbez\u00fcgliche Haftung ist jedoch erst ab dem Zeitpunkt der Kenntnis einer konkreten Rechtsverletzung m\u00f6glich. Bei Bekanntwerden von entsprechenden Rechtsverletzungen werden wir diese Inhalte umgehend entfernen.<\/p>\n<\/div>\n<\/div>\n<\/div>\n\n\n\n<div class=\"wp-block-column is-vertically-aligned-top is-layout-flow wp-container-core-column-is-layout-c7b3064f wp-block-column-is-layout-flow\">\n<div class=\"wp-block-group has-global-padding is-layout-constrained wp-container-core-group-is-layout-9da16794 wp-block-group-is-layout-constrained\">\n<p class=\"sepline has-primary-color has-text-color has-small-font-size\" style=\"font-style:normal;font-weight:500\"><strong>Haftung f\u00fcr Links<\/strong><\/p>\n\n\n\n<div class=\"wp-block-group has-global-padding is-layout-constrained wp-container-core-group-is-layout-f5f3bcb8 wp-block-group-is-layout-constrained\">\n<p class=\"has-x-small-font-size\">Unser Angebot enth\u00e4lt Links zu externen Websites Dritter, auf deren Inhalte wir keinen Einfluss haben. Deshalb k\u00f6nnen wir f\u00fcr diese fremden Inhalte auch keine Gew\u00e4hr \u00fcbernehmen. F\u00fcr die Inhalte der verlinkten Seiten ist stets der jeweilige Anbieter oder Betreiber der Seiten verantwortlich. Die verlinkten Seiten wurden zum Zeitpunkt der Verlinkung auf m\u00f6gliche Rechtsverst\u00f6\u00dfe \u00fcberpr\u00fcft. Rechtswidrige Inhalte waren zum Zeitpunkt der Verlinkung nicht erkennbar.<\/p>\n\n\n\n<p class=\"has-x-small-font-size\">Eine permanente inhaltliche Kontrolle der verlinkten Seiten ist jedoch ohne konkrete Anhaltspunkte einer Rechtsverletzung nicht zumutbar. Bei Bekanntwerden von Rechtsverletzungen werden wir derartige Links umgehend entfernen.<\/p>\n<\/div>\n<\/div>\n<\/div>\n\n\n\n<div class=\"wp-block-column is-layout-flow wp-container-core-column-is-layout-c7b3064f wp-block-column-is-layout-flow\">\n<div class=\"wp-block-group has-global-padding is-layout-constrained wp-container-core-group-is-layout-9da16794 wp-block-group-is-layout-constrained\">\n<p class=\"sepline has-primary-color has-text-color has-small-font-size\" style=\"font-style:normal;font-weight:500\"><strong>Urheberrecht<\/strong><\/p>\n\n\n\n<div class=\"wp-block-group has-global-padding is-layout-constrained wp-container-core-group-is-layout-f5f3bcb8 wp-block-group-is-layout-constrained\">\n<p class=\"has-x-small-font-size\">Die durch die Seitenbetreiber erstellten Inhalte und Werke auf diesen Seiten unterliegen dem deutschen Urheberrecht. Die Vervielf\u00e4ltigung, Bearbeitung, Verbreitung und jede Art der Verwertung au\u00dferhalb der Grenzen des Urheberrechtes bed\u00fcrfen der schriftlichen Zustimmung des jeweiligen Autors bzw. Erstellers. Downloads und Kopien dieser Seite sind nur f\u00fcr den privaten, nicht kommerziellen Gebrauch gestattet.<\/p>\n\n\n\n<p class=\"has-x-small-font-size\">Soweit die Inhalte auf dieser Seite nicht vom Betreiber erstellt wurden, werden die Urheberrechte Dritter beachtet. Insbesondere werden Inhalte Dritter als solche gekennzeichnet. Sollten Sie trotzdem auf eine Urheberrechtsverletzung aufmerksam werden, bitten wir um einen entsprechenden Hinweis. Bei Bekanntwerden von Rechtsverletzungen werden wir derartige Inhalte umgehend entfernen.<\/p>\n<\/div>\n<\/div>\n<\/div>\n<\/div>\n<\/section>","protected":false},"excerpt":{"rendered":"<p>Kontakt Impressum Der erste Schritt Sie f\u00fchlen sich angesprochen? Nehmen Sie mit mir telefonisch oder per E-Mail Kontakt auf. Ich biete Ihnen an, in einem unverbindlichen ersten Gespr\u00e4ch herauszufinden, ob eine Zusammenarbeit f\u00fcr Sie zielf\u00fchrend ist. Meine R\u00e4umlichkeiten befinden sich zentral im Herzen von M\u00fcnchen. Selbstverst\u00e4ndlich coache ich auch per Videokonferenz. Impressum Adresse: Karen NeumannBusiness [&hellip;]<\/p>\n","protected":false},"author":2,"featured_media":0,"parent":0,"menu_order":0,"comment_status":"closed","ping_status":"closed","template":"","meta":{"_seopress_robots_primary_cat":"","_seopress_titles_title":"","_seopress_titles_desc":"","_seopress_robots_index":"","footnotes":""},"class_list":["post-1227","page","type-page","status-publish","hentry"],"_links":{"self":[{"href":"https:\/\/karenneumann.de\/en\/wp-json\/wp\/v2\/pages\/1227","targetHints":{"allow":["GET"]}}],"collection":[{"href":"https:\/\/karenneumann.de\/en\/wp-json\/wp\/v2\/pages"}],"about":[{"href":"https:\/\/karenneumann.de\/en\/wp-json\/wp\/v2\/types\/page"}],"author":[{"embeddable":true,"href":"https:\/\/karenneumann.de\/en\/wp-json\/wp\/v2\/users\/2"}],"replies":[{"embeddable":true,"href":"https:\/\/karenneumann.de\/en\/wp-json\/wp\/v2\/comments?post=1227"}],"version-history":[{"count":48,"href":"https:\/\/karenneumann.de\/en\/wp-json\/wp\/v2\/pages\/1227\/revisions"}],"predecessor-version":[{"id":2287,"href":"https:\/\/karenneumann.de\/en\/wp-json\/wp\/v2\/pages\/1227\/revisions\/2287"}],"wp:attachment":[{"href":"https:\/\/karenneumann.de\/en\/wp-json\/wp\/v2\/media?parent=1227"}],"curies":[{"name":"wp","href":"https:\/\/api.w.org\/{rel}","templated":true}]}}