{"id":1145,"date":"2025-11-26T15:39:47","date_gmt":"2025-11-26T14:39:47","guid":{"rendered":"http:\/\/s604801385.online.de\/?page_id=1145"},"modified":"2026-03-30T15:11:19","modified_gmt":"2026-03-30T13:11:19","slug":"management-diagnostik","status":"publish","type":"page","link":"https:\/\/karenneumann.de\/en\/management-diagnostik\/","title":{"rendered":"Management Diagnostik"},"content":{"rendered":"<div class=\"wp-block-group alignfull is-style-default has-background is-layout-flow wp-block-group-is-layout-flow\" style=\"background:linear-gradient(90deg,rgb(255,255,255) 0%,rgb(243,235,230) 100%);min-height:100%;margin-top:0px;margin-bottom:0;padding-top:var(--wp--preset--spacing--small);padding-right:var(--wp--preset--spacing--medium);padding-bottom:var(--wp--preset--spacing--small);padding-left:var(--wp--preset--spacing--medium)\">\n<div class=\"wp-block-group alignwide has-global-padding is-layout-constrained wp-container-core-group-is-layout-add6731d wp-block-group-is-layout-constrained\" style=\"padding-right:0;padding-left:0\">\n<div class=\"wp-block-group alignwide has-global-padding is-layout-constrained wp-container-core-group-is-layout-19e250f3 wp-block-group-is-layout-constrained\">\n<div class=\"wp-block-group alignwide is-layout-flow wp-container-core-group-is-layout-7fcc5745 wp-block-group-is-layout-flow\" style=\"margin-top:3rem;margin-bottom:3rem\">\n<p class=\"sepline white has-primary-color has-text-color has-x-small-font-size\" style=\"font-style:normal;font-weight:500;letter-spacing:1px\"><strong>Expertise<\/strong><\/p>\n\n\n\n<h1 class=\"wp-block-heading has-large-font-size\">Management Diagnostik<\/h1>\n<\/div>\n<\/div>\n<\/div>\n<\/div>\n\n\n\n<section class=\"wp-block-group alignfull is-style-default has-global-padding is-layout-constrained wp-container-core-group-is-layout-804d2bbf wp-block-group-is-layout-constrained\" style=\"margin-top:0px;margin-bottom:0px;padding-top:var(--wp--preset--spacing--large);padding-right:var(--wp--preset--spacing--medium);padding-bottom:0;padding-left:var(--wp--preset--spacing--medium)\">\n<div class=\"wp-block-columns alignwide is-layout-flex wp-container-core-columns-is-layout-2009bae8 wp-block-columns-is-layout-flex\" style=\"margin-top:0px;margin-bottom:0px\">\n<div class=\"wp-block-column is-vertically-aligned-top is-layout-flow wp-block-column-is-layout-flow\">\n<div class=\"wp-block-group has-global-padding is-layout-constrained wp-container-core-group-is-layout-33864f18 wp-block-group-is-layout-constrained\" style=\"margin-bottom:0\">\n<h3 class=\"wp-block-heading\">F\u00fcr Einzelpersonen<\/h3>\n\n\n\n<p>Eine professionelle und kompetente Vorbereitung auf die Auswahlsituation erh\u00f6ht Ihre Karrierechancen signifikant. Inhalte der Vorbereitung sind:<\/p>\n\n\n\n<ul style=\"background:linear-gradient(90deg,rgb(243,235,230) 0%,rgb(255,255,255) 100%);padding-top:var(--wp--preset--spacing--large);padding-right:var(--wp--preset--spacing--x-large);padding-bottom:var(--wp--preset--spacing--large);padding-left:var(--wp--preset--spacing--x-large);line-height:1.3\" class=\"wp-block-list is-style-list-boxed has-background\">\n<li style=\"margin-top:0;margin-bottom:0;padding-top:0.3rem;padding-bottom:0.3rem\">Verstehen der Elemente von Assessment Center, Development Center oder Management Audit<\/li>\n\n\n\n<li>\u00dcben von erfolgreichen Strategien z.B. in Gruppendiskussionen oder Mitarbeitergespr\u00e4chen<\/li>\n\n\n\n<li>Optimale Selbstpr\u00e4sentation in Interview und Pr\u00e4sentations\u00fcbungen<\/li>\n\n\n\n<li>Entwickeln einer zu Ihnen passenden Karrierestory<\/li>\n\n\n\n<li>Feedback zu Auftreten, Wirkung und Kommunikation<\/li>\n\n\n\n<li style=\"margin-top:0;margin-bottom:0\">Umgang mit Stress vor und w\u00e4hrend des Auswahlprozesses<\/li>\n<\/ul>\n<\/div>\n<\/div>\n\n\n\n<div class=\"wp-block-column is-vertically-aligned-top uplift is-layout-flow wp-container-core-column-is-layout-ce2ac84a wp-block-column-is-layout-flow\">\n<figure class=\"wp-block-image size-full has-custom-border imgcaption left animated fadeIn slow\"><img loading=\"lazy\" decoding=\"async\" width=\"800\" height=\"800\" src=\"https:\/\/karenneumann.de\/site\/wp-content\/uploads\/management-diagnostik-1.webp\" alt=\"management diagnostik\" class=\"wp-image-2216\" style=\"border-radius:5px;box-shadow:var(--wp--preset--shadow--small-light)\" srcset=\"https:\/\/karenneumann.de\/site\/wp-content\/uploads\/management-diagnostik-1.webp 800w, https:\/\/karenneumann.de\/site\/wp-content\/uploads\/management-diagnostik-1-300x300.webp 300w, https:\/\/karenneumann.de\/site\/wp-content\/uploads\/management-diagnostik-1-150x150.webp 150w, https:\/\/karenneumann.de\/site\/wp-content\/uploads\/management-diagnostik-1-768x768.webp 768w\" sizes=\"auto, (max-width: 800px) 100vw, 800px\" \/><figcaption class=\"wp-element-caption\">\u201e<em>Treffsichere Entscheidungen brauchen treffsichere Diagnostik<\/em>.\u201d<\/figcaption><\/figure>\n<\/div>\n<\/div>\n<\/section>\n\n\n\n<div class=\"wp-block-group alignwide has-global-padding is-layout-constrained wp-block-group-is-layout-constrained\" style=\"margin-bottom:var(--wp--preset--spacing--x-large)\">\n<div class=\"wp-block-columns alignwide is-layout-flex wp-container-core-columns-is-layout-28f84493 wp-block-columns-is-layout-flex\">\n<div class=\"wp-block-column is-layout-flow wp-block-column-is-layout-flow\">\n<p>Im individuellen Coaching arbeite ich mit Ihnen daran, wie Sie sich mit Ihrer Pers\u00f6nlichkeit und Ihrer Kompetenz unter Einbeziehung der Anforderungen der angestrebten Position am besten zeigen k\u00f6nnen.<\/p>\n<\/div>\n\n\n\n<div class=\"wp-block-column is-layout-flow wp-block-column-is-layout-flow\">\n<p>Dabei profitieren Sie von meiner langj\u00e4hrigen Erfahrung in der Durchf\u00fchrung von Auswahlverfahren als interne Personalerin und sp\u00e4ter als externe Assessorin.<\/p>\n<\/div>\n<\/div>\n<\/div>\n\n\n\n<hr class=\"wp-block-separator alignwide has-text-color has-tertiary-color has-alpha-channel-opacity has-tertiary-background-color has-background is-style-separator-thin\" style=\"margin-top:var(--wp--preset--spacing--medium);margin-bottom:var(--wp--preset--spacing--x-large)\"\/>\n\n\n\n<div class=\"wp-block-group alignwide has-global-padding is-layout-constrained wp-block-group-is-layout-constrained\">\n<div class=\"wp-block-columns alignwide is-layout-flex wp-container-core-columns-is-layout-28f84493 wp-block-columns-is-layout-flex\">\n<div class=\"wp-block-column is-layout-flow wp-block-column-is-layout-flow\">\n<h3 class=\"wp-block-heading\">F\u00fcr Unternehmen<\/h3>\n\n\n\n<p><strong>Hogan Assessments<\/strong><br>Ich arbeite mit dem wissenschaftlich fundierten Hogan Testverfahren (online Durchf\u00fchrung). Dieses misst drei Perspektiven der Pers\u00f6nlichkeit im beruflichen Kontext:<\/p>\n\n\n\n<ul style=\"background:linear-gradient(90deg,rgb(243,235,230) 0%,rgb(255,255,255) 100%);padding-top:var(--wp--preset--spacing--large);padding-right:var(--wp--preset--spacing--x-large);padding-bottom:var(--wp--preset--spacing--large);padding-left:var(--wp--preset--spacing--x-large);line-height:1.3\" class=\"wp-block-list is-style-list-boxed has-background\">\n<li>Potentiale<\/li>\n\n\n\n<li>Verhalten in Stressituationen<\/li>\n\n\n\n<li>Werte<\/li>\n<\/ul>\n<\/div>\n\n\n\n<div class=\"wp-block-column is-layout-flow wp-block-column-is-layout-flow\">\n<p>Die Ergebnisse sagen Passung f\u00fcr Laufbahnen treffsicher voraus. In einem anschlie\u00dfenden Reflektionsgespr\u00e4ch erhalten Sie Klarheit \u00fcber Ihre Wirkung und Reputation als F\u00fchrungskraft, Ihre Verhaltensmuster in Stress-, Druck-und Triggersituationen sowie der \u00dcbereinstimmung Ihres pers\u00f6nlichen Wertesystems mit den Unternehmenswerten.<\/p>\n\n\n\n<p>Als zertifizierter Hogan Assessment Coach setze ich dieses Verfahren auch zum Teambuilding und Entwickeln von \u201eErfolgsteams\u201c ein.<\/p>\n\n\n\n<p><strong>Management Audit \/ Appraisal<\/strong><br>Ben\u00f6tigen Sie Unterst\u00fctzung in der Auswahl oder Evaluation Ihres F\u00fchrungsteams? Als Audit oder Appraisal Assesorin stehe ich gerne zur Verf\u00fcgung.<\/p>\n<\/div>\n<\/div>\n<\/div>","protected":false},"excerpt":{"rendered":"<p>Expertise Management Diagnostik F\u00fcr Einzelpersonen Eine professionelle und kompetente Vorbereitung auf die Auswahlsituation erh\u00f6ht Ihre Karrierechancen signifikant. Inhalte der Vorbereitung sind: Im individuellen Coaching arbeite ich mit Ihnen daran, wie Sie sich mit Ihrer Pers\u00f6nlichkeit und Ihrer Kompetenz unter Einbeziehung der Anforderungen der angestrebten Position am besten zeigen k\u00f6nnen. Dabei profitieren Sie von meiner langj\u00e4hrigen [&hellip;]<\/p>\n","protected":false},"author":2,"featured_media":0,"parent":0,"menu_order":0,"comment_status":"closed","ping_status":"closed","template":"","meta":{"_seopress_robots_primary_cat":"","_seopress_titles_title":"","_seopress_titles_desc":"","_seopress_robots_index":"","footnotes":""},"class_list":["post-1145","page","type-page","status-publish","hentry"],"_links":{"self":[{"href":"https:\/\/karenneumann.de\/en\/wp-json\/wp\/v2\/pages\/1145","targetHints":{"allow":["GET"]}}],"collection":[{"href":"https:\/\/karenneumann.de\/en\/wp-json\/wp\/v2\/pages"}],"about":[{"href":"https:\/\/karenneumann.de\/en\/wp-json\/wp\/v2\/types\/page"}],"author":[{"embeddable":true,"href":"https:\/\/karenneumann.de\/en\/wp-json\/wp\/v2\/users\/2"}],"replies":[{"embeddable":true,"href":"https:\/\/karenneumann.de\/en\/wp-json\/wp\/v2\/comments?post=1145"}],"version-history":[{"count":28,"href":"https:\/\/karenneumann.de\/en\/wp-json\/wp\/v2\/pages\/1145\/revisions"}],"predecessor-version":[{"id":2262,"href":"https:\/\/karenneumann.de\/en\/wp-json\/wp\/v2\/pages\/1145\/revisions\/2262"}],"wp:attachment":[{"href":"https:\/\/karenneumann.de\/en\/wp-json\/wp\/v2\/media?parent=1145"}],"curies":[{"name":"wp","href":"https:\/\/api.w.org\/{rel}","templated":true}]}}