{"id":1143,"date":"2025-11-26T15:39:33","date_gmt":"2025-11-26T14:39:33","guid":{"rendered":"http:\/\/s604801385.online.de\/?page_id=1143"},"modified":"2026-03-30T15:11:19","modified_gmt":"2026-03-30T13:11:19","slug":"karrierebegleitung","status":"publish","type":"page","link":"https:\/\/karenneumann.de\/en\/karrierebegleitung\/","title":{"rendered":"Karrierebegleitung"},"content":{"rendered":"<div class=\"wp-block-group alignfull is-style-default has-background is-layout-flow wp-block-group-is-layout-flow\" style=\"background:linear-gradient(90deg,rgb(255,255,255) 0%,rgb(243,235,230) 100%);min-height:100%;margin-top:0px;margin-bottom:0;padding-top:var(--wp--preset--spacing--small);padding-right:var(--wp--preset--spacing--medium);padding-bottom:var(--wp--preset--spacing--small);padding-left:var(--wp--preset--spacing--medium)\">\n<div class=\"wp-block-group alignwide has-global-padding is-layout-constrained wp-container-core-group-is-layout-add6731d wp-block-group-is-layout-constrained\" style=\"padding-right:0;padding-left:0\">\n<div class=\"wp-block-group alignwide has-global-padding is-layout-constrained wp-container-core-group-is-layout-19e250f3 wp-block-group-is-layout-constrained\">\n<div class=\"wp-block-group alignwide is-layout-flow wp-container-core-group-is-layout-7fcc5745 wp-block-group-is-layout-flow\" style=\"margin-top:3rem;margin-bottom:3rem\">\n<p class=\"sepline white has-primary-color has-text-color has-x-small-font-size\" style=\"font-style:normal;font-weight:500;letter-spacing:1px\"><strong>Expertise<\/strong><\/p>\n\n\n\n<h1 class=\"wp-block-heading has-large-font-size\">Karrierebegleitung<\/h1>\n<\/div>\n<\/div>\n<\/div>\n<\/div>\n\n\n\n<section class=\"wp-block-group alignfull is-style-default has-global-padding is-layout-constrained wp-container-core-group-is-layout-09ea9c0c wp-block-group-is-layout-constrained\" style=\"margin-top:0px;margin-bottom:0px;padding-top:var(--wp--preset--spacing--large);padding-right:var(--wp--preset--spacing--medium);padding-bottom:var(--wp--preset--spacing--large);padding-left:var(--wp--preset--spacing--medium)\">\n<div class=\"wp-block-columns alignwide is-layout-flex wp-container-core-columns-is-layout-2009bae8 wp-block-columns-is-layout-flex\" style=\"margin-top:0px;margin-bottom:0px\">\n<div class=\"wp-block-column is-vertically-aligned-top is-layout-flow wp-block-column-is-layout-flow\">\n<div class=\"wp-block-group has-global-padding is-layout-constrained wp-container-core-group-is-layout-33864f18 wp-block-group-is-layout-constrained\" style=\"margin-bottom:0\">\n<p>Karrierebegleitung f\u00fcr Executives bedeutet, Raum zu schaffen f\u00fcr das, was im Alltag oft keinen Platz findet: innehalten, reflektieren, Strategien sch\u00e4rfen und sich selbst als F\u00fchrungspers\u00f6nlichkeit weiterentwickeln. Es ist eine Begleitung, die Orientierung gibt, st\u00e4rkt und den Blick auf das Wesentliche lenkt.<\/p>\n\n\n\n<div style=\"margin-top:0;margin-bottom:0;height:var(--wp--preset--spacing--medium)\" aria-hidden=\"true\" class=\"wp-block-spacer\"><\/div>\n\n\n\n<p><strong>Safe Space<br><\/strong>Ich biete Ihnen einen sicheren, vertraulichen Rahmen, in dem Sie offen \u00fcber Herausforderungen, Zweifel oder Belastungen sprechen k\u00f6nnen. Hier geht es nicht um Leistung oder Erwartungen \u2013 sondern um Sie und Ihre Klarheit.<\/p>\n\n\n\n<p><strong>Sparring<\/strong><br>Im Sparring begegnen wir uns auf Augenh\u00f6he. Ich stelle Fragen, die Perspektiven \u00f6ffnen, hinterfrage Annahmen und unterst\u00fctze Sie dabei, Strategien weiterzuentwickeln. Ziel ist es, Entscheidungen bewusster und souver\u00e4ner zu treffen.<\/p>\n\n\n\n<p><strong>Feedback<\/strong><br>Sie erhalten klare, respektvolle und wirkungsorientierte R\u00fcckmeldungen. Gerade f\u00fcr Executives ist ehrliches Feedback oft selten \u2013 umso wertvoller ist es, einen Ort zu haben, an dem Wirkung und Verhalten reflektiert und weiterentwickelt werden k\u00f6nnen.<\/p>\n\n\n\n<p><strong>Politik und Dynamik<br><\/strong>Organisationen folgen formellen Regeln, aber ebenso informellen Kr\u00e4ften. Gemeinsam beleuchten wir politische Dynamiken, Interessenlagen und Beziehungsmuster. Das gibt Ihnen Orientierung und st\u00e4rkt Ihre F\u00e4higkeit, souver\u00e4n zu navigieren und Einfluss bewusst zu gestalten.<\/p>\n<\/div>\n<\/div>\n\n\n\n<div class=\"wp-block-column is-vertically-aligned-top uplift is-layout-flow wp-block-column-is-layout-flow\">\n<figure class=\"wp-block-image size-full has-custom-border imgcaption left animated fadeIn slow\" style=\"margin-bottom:var(--wp--preset--spacing--xx-large)\"><img loading=\"lazy\" decoding=\"async\" width=\"800\" height=\"800\" src=\"https:\/\/karenneumann.de\/site\/wp-content\/uploads\/management-diagnostik.webp\" alt=\"Karrierebegleitung\" class=\"wp-image-1973\" style=\"border-radius:5px;box-shadow:var(--wp--preset--shadow--small-light)\" srcset=\"https:\/\/karenneumann.de\/site\/wp-content\/uploads\/management-diagnostik.webp 800w, https:\/\/karenneumann.de\/site\/wp-content\/uploads\/management-diagnostik-300x300.webp 300w, https:\/\/karenneumann.de\/site\/wp-content\/uploads\/management-diagnostik-150x150.webp 150w, https:\/\/karenneumann.de\/site\/wp-content\/uploads\/management-diagnostik-768x768.webp 768w\" sizes=\"auto, (max-width: 800px) 100vw, 800px\" \/><figcaption class=\"wp-element-caption\">\u201e<em>We cannot see our reflection in running water. It is only in still water that we can see.<\/em>\u201d<br><br><small>Laozi<\/small><\/figcaption><\/figure>\n\n\n\n<div class=\"wp-block-group has-global-padding is-layout-constrained wp-container-core-group-is-layout-f5f3bcb8 wp-block-group-is-layout-constrained\">\n<p><strong>Ethische Dilemmata<br><\/strong>Im Executive-Kontext treffen Verantwortung, Erwartungen und pers\u00f6nliche Werte manchmal aufeinander. Ich unterst\u00fctze Sie dabei, solche Situationen klarer zu sehen, abzuw\u00e4gen und Entscheidungen zu treffen, die sowohl professionell als auch integer sind.<\/p>\n<\/div>\n<\/div>\n<\/div>\n<\/section>","protected":false},"excerpt":{"rendered":"<p>Expertise Karrierebegleitung Karrierebegleitung f\u00fcr Executives bedeutet, Raum zu schaffen f\u00fcr das, was im Alltag oft keinen Platz findet: innehalten, reflektieren, Strategien sch\u00e4rfen und sich selbst als F\u00fchrungspers\u00f6nlichkeit weiterentwickeln. Es ist eine Begleitung, die Orientierung gibt, st\u00e4rkt und den Blick auf das Wesentliche lenkt. Safe SpaceIch biete Ihnen einen sicheren, vertraulichen Rahmen, in dem Sie offen [&hellip;]<\/p>\n","protected":false},"author":2,"featured_media":0,"parent":0,"menu_order":0,"comment_status":"closed","ping_status":"closed","template":"","meta":{"_seopress_robots_primary_cat":"","_seopress_titles_title":"","_seopress_titles_desc":"","_seopress_robots_index":"","footnotes":""},"class_list":["post-1143","page","type-page","status-publish","hentry"],"_links":{"self":[{"href":"https:\/\/karenneumann.de\/en\/wp-json\/wp\/v2\/pages\/1143","targetHints":{"allow":["GET"]}}],"collection":[{"href":"https:\/\/karenneumann.de\/en\/wp-json\/wp\/v2\/pages"}],"about":[{"href":"https:\/\/karenneumann.de\/en\/wp-json\/wp\/v2\/types\/page"}],"author":[{"embeddable":true,"href":"https:\/\/karenneumann.de\/en\/wp-json\/wp\/v2\/users\/2"}],"replies":[{"embeddable":true,"href":"https:\/\/karenneumann.de\/en\/wp-json\/wp\/v2\/comments?post=1143"}],"version-history":[{"count":34,"href":"https:\/\/karenneumann.de\/en\/wp-json\/wp\/v2\/pages\/1143\/revisions"}],"predecessor-version":[{"id":2279,"href":"https:\/\/karenneumann.de\/en\/wp-json\/wp\/v2\/pages\/1143\/revisions\/2279"}],"wp:attachment":[{"href":"https:\/\/karenneumann.de\/en\/wp-json\/wp\/v2\/media?parent=1143"}],"curies":[{"name":"wp","href":"https:\/\/api.w.org\/{rel}","templated":true}]}}